{"id":277,"date":"2025-11-03T10:40:25","date_gmt":"2025-11-03T10:40:25","guid":{"rendered":"https:\/\/jonasfrick.net\/?page_id=277"},"modified":"2025-11-14T08:24:14","modified_gmt":"2025-11-14T08:24:14","slug":"interessen","status":"publish","type":"page","link":"https:\/\/jonasfrick.net\/?page_id=277","title":{"rendered":"Forschung"},"content":{"rendered":"\n<p><\/p>\n\n\n\n<h2 class=\"wp-block-heading\">Literaturen und Kulturen der Alpen<\/h2>\n\n\n\n<p>Aktuelles Forschungsinteresse: Alpine Narrative &amp; Postnivale Alpen<\/p>\n\n\n\n<p>Ausgew\u00e4hlte Beitr\u00e4ge<\/p>\n\n\n\n<ul class=\"wp-block-list\">\n<li><a href=\"https:\/\/www.syntopia-alpina.ch\/beitraege\/verrufen-ueberhoeht-entmystifiziert-alpine-staudaemme-in-der-literatur\">Verrufen, \u00fcberh\u00f6ht, entmystifiziert: Alpine Staud\u00e4mme in der Literatur.<\/a> In: Syntopia Alpina. 12\/24.<\/li>\n\n\n\n<li><a href=\"Schneekanonen: Von der Antizipation eines fehlenden Winters\" data-type=\"URL\" data-id=\"Schneekanonen: Von der Antizipation eines fehlenden Winters\">S<\/a><a href=\"https:\/\/www.syntopia-alpina.ch\/beitraege\/schneekanonen-von-der-antizipation-eines-fehlenden-winters\" data-type=\"URL\">chneekanonen: Von der Antizipation eines fehlenden Winters<\/a>. In: Syntopia Alpina. 10\/24.<\/li>\n\n\n\n<li><a href=\"https:\/\/www.swissfuture.ch\/wp-content\/uploads\/2024\/03\/swissfuture-0124-WEB.pdf\">Klimaregime und Sehnsucht Wintersport<\/a> (zusammen mit Boris Previ\u0161i\u0107 und Nils Widmer). In: swissfuture. Magazin f\u00fcr Zuk\u00fcnfte 01\/24. S. 6-13.<\/li>\n<\/ul>\n\n\n\n<h2 class=\"wp-block-heading\">Neue und alte Arbeiter*innenliteratur &amp; Literatur der sozialen Bewegungen<\/h2>\n\n\n\n<p>Aktuelles Forschungsinteresse: Sozialistischer Irrealismus &amp; Literatur der Schweizer Arbeiter*innenbewegung.<\/p>\n\n\n\n<p>Ausgew\u00e4hlte Beitr\u00e4ge<\/p>\n\n\n\n<ul class=\"wp-block-list\">\n<li><a href=\"https:\/\/www.dampfboot-verlag.de\/de\/bucher\/downtime\">Downtime<\/a>. Literatur, Digitalisierung und Klassenkampf. M\u00fcnster 2025. Verlag Westf\u00e4lisches Dampfboot<\/li>\n\n\n\n<li>&#8220;<a href=\"https:\/\/undercurrentsforum.com\/index.php\/undercurrents\/article\/view\/148\/135\">Make people feel good about hating their jobs<\/a>&#8220;. Processed World und eine subversive B\u00fcroliteratur im Computerzeitalter. In: undercurrents &#8211; Forum f\u00fcr linke Literaturwissenschaft Nr. 17.<\/li>\n<\/ul>\n\n\n\n<h2 class=\"wp-block-heading\">Kulturen der Digitalisierung<\/h2>\n\n\n\n<p>Ausgew\u00e4hlte Beitr\u00e4ge<\/p>\n\n\n\n<ul class=\"wp-block-list\">\n<li><a href=\"https:\/\/www.transcript-verlag.de\/978-3-8376-7634-1\/computer-liberation\/?c=311000169\">Computer Liberation<\/a>. Zur Imaginationsgeschichte der Computer- und Netzwerkkultur, 1960-2000. Bielefeld 2025: Transcript Verlag<\/li>\n\n\n\n<li>Der Cyborg zwischen feministischem Empowerment und patriarchalem Verwertungsdruck. Candas Jane Dorseys (Learning About) Machine Sex. In: <a href=\"https:\/\/www.variations.uzh.ch\/de\/archive\/varia27.html\">Variations Nr. 28<\/a> (2024). S. 95-105.<\/li>\n\n\n\n<li>Der Computer als egalit\u00e4rer Tutor \u2013 ein R\u00fcckblick auf die Geschichte der Digitalisierung. In: Sander, Julia &amp; J\u00e4ger, Wolfgang (Hrsg.): Roboter aus lese- und literatur-\/mediendidaktischer Perspektive. S. 47-61.<\/li>\n\n\n\n<li><a href=\"https:\/\/geschichtedergegenwart.ch\/neal-stephenson-und-das-metaverse\/\">Neal Stephenson und das Metaverse.<\/a> In: Geschichte der Gegenwart (November 2021)<\/li>\n\n\n\n<li><a href=\"https:\/\/www.paidia.de\/die-zukunft-selbst-bestimmen-politische-simulationen-und-gegenkultur\/\">Die Zukunft selbst bestimmen. Politische Simulationen und Gegenkultur<\/a>. In: Paidia (Januar 2021)<\/li>\n<\/ul>\n\n\n\n<h2 class=\"wp-block-heading\">Politik der Geschwindigkeit<\/h2>\n\n\n\n<p>Ausgew\u00e4hlte Beitr\u00e4ge:<\/p>\n\n\n\n<ul class=\"wp-block-list\">\n<li><a href=\"https:\/\/jonasfrick.net\/\" data-type=\"page\" data-id=\"19\">Politik der Geschwindigkeit<\/a>: Gegen die Herrschaft des Schnelleren. Wien 2020: Mandelbaum Verlag.<\/li>\n\n\n\n<li>Das futuristische Manifest \u2013 kommentiert. In: Avenue \u2013 Das Magazin f\u00fcr Wissenskultur Nr. 5. (August 2020). S. 32-37.<\/li>\n<\/ul>\n","protected":false},"excerpt":{"rendered":"<p>Literaturen und Kulturen der Alpen Aktuelles Forschungsinteresse: Alpine Narrative &amp; Postnivale Alpen Ausgew\u00e4hlte Beitr\u00e4ge Neue und alte Arbeiter*innenliteratur &amp; Literatur der sozialen Bewegungen Aktuelles Forschungsinteresse: Sozialistischer Irrealismus &amp; Literatur der Schweizer Arbeiter*innenbewegung. Ausgew\u00e4hlte Beitr\u00e4ge Kulturen der Digitalisierung Ausgew\u00e4hlte Beitr\u00e4ge Politik der Geschwindigkeit Ausgew\u00e4hlte Beitr\u00e4ge:<\/p>\n","protected":false},"author":1,"featured_media":0,"parent":0,"menu_order":0,"comment_status":"closed","ping_status":"closed","template":"","meta":{"footnotes":""},"class_list":["post-277","page","type-page","status-publish","hentry"],"_links":{"self":[{"href":"https:\/\/jonasfrick.net\/index.php?rest_route=\/wp\/v2\/pages\/277","targetHints":{"allow":["GET"]}}],"collection":[{"href":"https:\/\/jonasfrick.net\/index.php?rest_route=\/wp\/v2\/pages"}],"about":[{"href":"https:\/\/jonasfrick.net\/index.php?rest_route=\/wp\/v2\/types\/page"}],"author":[{"embeddable":true,"href":"https:\/\/jonasfrick.net\/index.php?rest_route=\/wp\/v2\/users\/1"}],"replies":[{"embeddable":true,"href":"https:\/\/jonasfrick.net\/index.php?rest_route=%2Fwp%2Fv2%2Fcomments&post=277"}],"version-history":[{"count":8,"href":"https:\/\/jonasfrick.net\/index.php?rest_route=\/wp\/v2\/pages\/277\/revisions"}],"predecessor-version":[{"id":291,"href":"https:\/\/jonasfrick.net\/index.php?rest_route=\/wp\/v2\/pages\/277\/revisions\/291"}],"wp:attachment":[{"href":"https:\/\/jonasfrick.net\/index.php?rest_route=%2Fwp%2Fv2%2Fmedia&parent=277"}],"curies":[{"name":"wp","href":"https:\/\/api.w.org\/{rel}","templated":true}]}}